{"id":566,"date":"2026-02-03T11:59:41","date_gmt":"2026-02-03T11:59:41","guid":{"rendered":"https:\/\/aloris.cy\/?page_id=566"},"modified":"2026-03-06T11:13:49","modified_gmt":"2026-03-06T11:13:49","slug":"services","status":"publish","type":"page","link":"https:\/\/aloris.cy\/en\/services\/","title":{"rendered":"Services"},"content":{"rendered":"<div data-elementor-type=\"wp-page\" data-elementor-id=\"566\" class=\"elementor elementor-566\" data-elementor-post-type=\"page\">\n\t\t\t\t<div class=\"elementor-element elementor-element-cb1dcdd e-con-full e-flex e-con e-parent\" data-id=\"cb1dcdd\" data-element_type=\"container\" data-e-type=\"container\" data-settings=\"{&quot;background_background&quot;:&quot;classic&quot;}\">\n\t\t<div class=\"elementor-element elementor-element-8e7732c e-flex e-con-boxed e-con e-child\" data-id=\"8e7732c\" data-element_type=\"container\" data-e-type=\"container\">\n\t\t\t\t\t<div class=\"e-con-inner\">\n\t\t\t\t<div class=\"elementor-element elementor-element-2460aae elementor-widget elementor-widget-text-editor\" data-id=\"2460aae\" data-element_type=\"widget\" data-e-type=\"widget\" data-widget_type=\"text-editor.default\">\n\t\t\t\t\t\t\t\t\t<p>services<\/p>\t\t\t\t\t\t\t\t<\/div>\n\t\t\t\t<div class=\"elementor-element elementor-element-4e76c56 elementor-widget elementor-widget-heading\" data-id=\"4e76c56\" data-element_type=\"widget\" data-e-type=\"widget\" data-widget_type=\"heading.default\">\n\t\t\t\t\t<h1 class=\"elementor-heading-title elementor-size-default\">Un accompagnement global pour investir, vivre et optimiser votre patrimoine \u00e0 Chypre<\/h1>\t\t\t\t<\/div>\n\t\t\t\t\t<\/div>\n\t\t\t\t<\/div>\n\t\t\t\t<\/div>\n\t\t<div class=\"elementor-element elementor-element-b0314d8 e-con-full e-flex e-con e-parent\" data-id=\"b0314d8\" data-element_type=\"container\" data-e-type=\"container\" data-settings=\"{&quot;background_background&quot;:&quot;classic&quot;}\">\n\t\t<div class=\"elementor-element elementor-element-dd91ee6 e-flex e-con-boxed e-con e-child\" data-id=\"dd91ee6\" data-element_type=\"container\" data-e-type=\"container\">\n\t\t\t\t\t<div class=\"e-con-inner\">\n\t\t<div class=\"elementor-element elementor-element-9875511 e-con-full e-flex e-con e-child\" data-id=\"9875511\" data-element_type=\"container\" data-e-type=\"container\">\n\t\t\t\t<div class=\"elementor-element elementor-element-971daec elementor-invisible elementor-widget elementor-widget-text-editor\" data-id=\"971daec\" data-element_type=\"widget\" data-e-type=\"widget\" data-settings=\"{&quot;_animation&quot;:&quot;slideInUp&quot;}\" data-widget_type=\"text-editor.default\">\n\t\t\t\t\t\t\t\t\t<p>Chez ALORIS, chaque projet est abord\u00e9 dans sa <span class=\"accent\">globalit\u00e9<\/span>, en tenant compte des objectifs patrimoniaux, fiscaux, professionnels et personnels de nos clients.<\/p><p>Notre accompagnement repose sur <span class=\"accent\">quatre piliers compl\u00e9mentaires<\/span>, con\u00e7us pour s\u00e9curiser les d\u00e9cisions et structurer des projets durables \u00e0 Chypre.<\/p>\t\t\t\t\t\t\t\t<\/div>\n\t\t\t\t<\/div>\n\t\t\t\t\t<\/div>\n\t\t\t\t<\/div>\n\t\t\t\t<\/div>\n\t\t<div class=\"elementor-element elementor-element-cdd4d70 e-con-full e-flex e-con e-parent\" data-id=\"cdd4d70\" data-element_type=\"container\" data-e-type=\"container\">\n\t\t<div class=\"elementor-element elementor-element-7e4c2fb e-flex e-con-boxed e-con e-child\" data-id=\"7e4c2fb\" data-element_type=\"container\" data-e-type=\"container\">\n\t\t\t\t\t<div class=\"e-con-inner\">\n\t\t<div class=\"elementor-element elementor-element-13e6fcd e-con-full e-flex e-con e-child\" data-id=\"13e6fcd\" data-element_type=\"container\" data-e-type=\"container\">\n\t\t<div class=\"elementor-element elementor-element-1816892 e-con-full e-flex e-con e-child\" data-id=\"1816892\" data-element_type=\"container\" data-e-type=\"container\">\n\t\t\t\t<div class=\"elementor-element elementor-element-6cf2acc elementor-widget elementor-widget-heading\" data-id=\"6cf2acc\" data-element_type=\"widget\" data-e-type=\"widget\" data-widget_type=\"heading.default\">\n\t\t\t\t\t<h2 class=\"elementor-heading-title elementor-size-default\">01<\/h2>\t\t\t\t<\/div>\n\t\t\t\t<div class=\"elementor-element elementor-element-deb7648 elementor-widget elementor-widget-heading\" data-id=\"deb7648\" data-element_type=\"widget\" data-e-type=\"widget\" data-widget_type=\"heading.default\">\n\t\t\t\t\t<h3 class=\"elementor-heading-title elementor-size-default\">Expertise en investissement immobilier \u00e0 Chypre<\/h3>\t\t\t\t<\/div>\n\t\t\t\t<div class=\"elementor-element elementor-element-0f72529 list-color elementor-widget elementor-widget-text-editor\" data-id=\"0f72529\" data-element_type=\"widget\" data-e-type=\"widget\" data-widget_type=\"text-editor.default\">\n\t\t\t\t\t\t\t\t\t<p>ALORIS accompagne les investisseurs europ\u00e9ens dans des d\u00e9cisions immobili\u00e8res structur\u00e9es et rationnelles, en lien avec leurs objectifs \u00e0 moyen et long terme.<br \/>Nous intervenons aussi bien sur :<\/p><ul><li>l\u2019achat de r\u00e9sidences principales ou secondaires,<\/li><li>l\u2019investissement locatif patrimonial<\/li><li>les projets mixtes (usage personnel et rendement)<\/li><li>les strat\u00e9gies immobili\u00e8res li\u00e9es \u00e0 une relocalisation ou \u00e0 une optimisation patrimoniale.<\/li><\/ul><p>Notre approche est buyer-side :\u2028 nous analysons l\u2019ensemble du march\u00e9 immobilier chypriote afin d\u2019identifier des opportunit\u00e9s coh\u00e9rentes, durables et adapt\u00e9es \u00e0 chaque situation \u2014 au-del\u00e0 des biens propos\u00e9s en catalogue.<\/p>\t\t\t\t\t\t\t\t<\/div>\n\t\t\t\t<\/div>\n\t\t<div class=\"elementor-element elementor-element-b07c282 e-con-full e-flex e-con e-child\" data-id=\"b07c282\" data-element_type=\"container\" data-e-type=\"container\" data-settings=\"{&quot;background_background&quot;:&quot;classic&quot;}\">\n\t\t\t\t<\/div>\n\t\t\t\t<\/div>\n\t\t\t\t\t<\/div>\n\t\t\t\t<\/div>\n\t\t\t\t<\/div>\n\t\t<div class=\"elementor-element elementor-element-34f5bf6 e-con-full e-flex e-con e-parent\" data-id=\"34f5bf6\" data-element_type=\"container\" data-e-type=\"container\">\n\t\t<div class=\"elementor-element elementor-element-67b22e9 e-con-full e-flex e-con e-child\" data-id=\"67b22e9\" data-element_type=\"container\" data-e-type=\"container\" data-settings=\"{&quot;background_background&quot;:&quot;classic&quot;}\">\n\t\t<div class=\"elementor-element elementor-element-3d7a357 e-flex e-con-boxed e-con e-child\" data-id=\"3d7a357\" data-element_type=\"container\" data-e-type=\"container\">\n\t\t\t\t\t<div class=\"e-con-inner\">\n\t\t<div class=\"elementor-element elementor-element-69ead4d e-con-full e-flex e-con e-child\" data-id=\"69ead4d\" data-element_type=\"container\" data-e-type=\"container\">\n\t\t\t\t<div class=\"elementor-element elementor-element-c227f52 elementor-invisible elementor-widget elementor-widget-heading\" data-id=\"c227f52\" data-element_type=\"widget\" data-e-type=\"widget\" data-settings=\"{&quot;_animation&quot;:&quot;slideInUp&quot;}\" data-widget_type=\"heading.default\">\n\t\t\t\t\t<h5 class=\"elementor-heading-title elementor-size-default\">L\u2019objectif n\u2019est pas d\u2019acheter vite, mais d\u2019acheter juste.\u200b<\/h5>\t\t\t\t<\/div>\n\t\t\t\t<\/div>\n\t\t\t\t\t<\/div>\n\t\t\t\t<\/div>\n\t\t\t\t<\/div>\n\t\t\t\t<\/div>\n\t\t<div class=\"elementor-element elementor-element-cc49633 e-con-full e-flex e-con e-parent\" data-id=\"cc49633\" data-element_type=\"container\" data-e-type=\"container\">\n\t\t<div class=\"elementor-element elementor-element-0b776c0 e-flex e-con-boxed e-con e-child\" data-id=\"0b776c0\" data-element_type=\"container\" data-e-type=\"container\">\n\t\t\t\t\t<div class=\"e-con-inner\">\n\t\t<div class=\"elementor-element elementor-element-c8a5450 e-con-full e-flex e-con e-child\" data-id=\"c8a5450\" data-element_type=\"container\" data-e-type=\"container\">\n\t\t<div class=\"elementor-element elementor-element-b9fc80c e-con-full e-flex e-con e-child\" data-id=\"b9fc80c\" data-element_type=\"container\" data-e-type=\"container\" data-settings=\"{&quot;background_background&quot;:&quot;classic&quot;}\">\n\t\t\t\t<\/div>\n\t\t<div class=\"elementor-element elementor-element-b4cf6de e-con-full e-flex e-con e-child\" data-id=\"b4cf6de\" data-element_type=\"container\" data-e-type=\"container\">\n\t\t\t\t<div class=\"elementor-element elementor-element-93a0339 elementor-widget elementor-widget-heading\" data-id=\"93a0339\" data-element_type=\"widget\" data-e-type=\"widget\" data-widget_type=\"heading.default\">\n\t\t\t\t\t<h2 class=\"elementor-heading-title elementor-size-default\">02<\/h2>\t\t\t\t<\/div>\n\t\t\t\t<div class=\"elementor-element elementor-element-444653d elementor-widget elementor-widget-heading\" data-id=\"444653d\" data-element_type=\"widget\" data-e-type=\"widget\" data-widget_type=\"heading.default\">\n\t\t\t\t\t<h3 class=\"elementor-heading-title elementor-size-default\">Un suivi sur mesure, de l\u2019analyse \u00e0 la d\u00e9cision<\/h3>\t\t\t\t<\/div>\n\t\t\t\t<div class=\"elementor-element elementor-element-3a718eb list-color elementor-widget elementor-widget-text-editor\" data-id=\"3a718eb\" data-element_type=\"widget\" data-e-type=\"widget\" data-widget_type=\"text-editor.default\">\n\t\t\t\t\t\t\t\t\t<p>Chaque projet accompagn\u00e9 par ALORIS est trait\u00e9 comme un cas unique.<br \/>Nous intervenons d\u00e8s les premi\u00e8res r\u00e9flexions afin de :<\/p><ul><li>analyser les objectifs de vie et de r\u00e9sidence<\/li><li>d\u00e9finir l\u2019horizon de d\u00e9tention et l\u2019usage r\u00e9el du bien<\/li><li>int\u00e9grer les contraintes personnelles, familiales et financi\u00e8res<\/li><li>structurer une strat\u00e9gie immobili\u00e8re coh\u00e9rente.<\/li><\/ul><p><br \/>ALORIS accompagne ensuite chaque client tout au long du processus, jusqu\u2019\u00e0 la concr\u00e9tisation de l\u2019acquisition, avec une m\u00e9thode claire, progressive et transparente.<\/p>\t\t\t\t\t\t\t\t<\/div>\n\t\t\t\t<\/div>\n\t\t\t\t<\/div>\n\t\t\t\t\t<\/div>\n\t\t\t\t<\/div>\n\t\t\t\t<\/div>\n\t\t<div class=\"elementor-element elementor-element-f770fdc e-con-full e-flex e-con e-parent\" data-id=\"f770fdc\" data-element_type=\"container\" data-e-type=\"container\">\n\t\t<div class=\"elementor-element elementor-element-ab48e11 e-con-full e-flex e-con e-child\" data-id=\"ab48e11\" data-element_type=\"container\" data-e-type=\"container\" data-settings=\"{&quot;background_background&quot;:&quot;classic&quot;}\">\n\t\t<div class=\"elementor-element elementor-element-efab792 e-flex e-con-boxed e-con e-child\" data-id=\"efab792\" data-element_type=\"container\" data-e-type=\"container\">\n\t\t\t\t\t<div class=\"e-con-inner\">\n\t\t<div class=\"elementor-element elementor-element-8375ad4 e-con-full e-flex e-con e-child\" data-id=\"8375ad4\" data-element_type=\"container\" data-e-type=\"container\">\n\t\t\t\t<div class=\"elementor-element elementor-element-c0ba69a elementor-invisible elementor-widget elementor-widget-heading\" data-id=\"c0ba69a\" data-element_type=\"widget\" data-e-type=\"widget\" data-settings=\"{&quot;_animation&quot;:&quot;slideInUp&quot;}\" data-widget_type=\"heading.default\">\n\t\t\t\t\t<h5 class=\"elementor-heading-title elementor-size-default\">Notre r\u00f4le n\u2019est pas de pousser \u00e0 l\u2019achat, mais de s\u00e9curiser une d\u00e9cision r\u00e9fl\u00e9chie.<\/h5>\t\t\t\t<\/div>\n\t\t\t\t<\/div>\n\t\t\t\t\t<\/div>\n\t\t\t\t<\/div>\n\t\t\t\t<\/div>\n\t\t\t\t<\/div>\n\t\t<div class=\"elementor-element elementor-element-24a4c1a e-con-full e-flex e-con e-parent\" data-id=\"24a4c1a\" data-element_type=\"container\" data-e-type=\"container\">\n\t\t<div class=\"elementor-element elementor-element-a60b74a e-flex e-con-boxed e-con e-child\" data-id=\"a60b74a\" data-element_type=\"container\" data-e-type=\"container\">\n\t\t\t\t\t<div class=\"e-con-inner\">\n\t\t<div class=\"elementor-element elementor-element-27c0ded e-con-full e-flex e-con e-child\" data-id=\"27c0ded\" data-element_type=\"container\" data-e-type=\"container\">\n\t\t<div class=\"elementor-element elementor-element-e78b11d e-con-full e-flex e-con e-child\" data-id=\"e78b11d\" data-element_type=\"container\" data-e-type=\"container\">\n\t\t\t\t<div class=\"elementor-element elementor-element-d9e7d11 elementor-widget elementor-widget-heading\" data-id=\"d9e7d11\" data-element_type=\"widget\" data-e-type=\"widget\" data-widget_type=\"heading.default\">\n\t\t\t\t\t<h2 class=\"elementor-heading-title elementor-size-default\">03<\/h2>\t\t\t\t<\/div>\n\t\t\t\t<div class=\"elementor-element elementor-element-712899b elementor-widget elementor-widget-heading\" data-id=\"712899b\" data-element_type=\"widget\" data-e-type=\"widget\" data-widget_type=\"heading.default\">\n\t\t\t\t\t<h3 class=\"elementor-heading-title elementor-size-default\">\u00c9quipe locale \u00e0 Chypre<\/h3>\t\t\t\t<\/div>\n\t\t\t\t<div class=\"elementor-element elementor-element-96b9dfc list-color elementor-widget elementor-widget-text-editor\" data-id=\"96b9dfc\" data-element_type=\"widget\" data-e-type=\"widget\" data-widget_type=\"text-editor.default\">\n\t\t\t\t\t\t\t\t\t<p>ALORIS s\u2019appuie sur une \u00e9quipe locale implant\u00e9e \u00e0 Chypre, ma\u00eetrisant les r\u00e9alit\u00e9s du march\u00e9, ses zones cl\u00e9s et ses acteurs.<\/p><p>Cette pr\u00e9sence sur le terrain permet :<\/p><ul><li>une compr\u00e9hension fine des dynamiques locales<\/li><li>un acc\u00e8s direct aux d\u00e9veloppeurs et partenaires<\/li><li>une capacit\u00e9 de n\u00e9gociation r\u00e9elle<\/li><li>un accompagnement de proximit\u00e9, r\u00e9actif et fiable.<\/li><\/ul><p><br \/>La connaissance du march\u00e9 chypriote ne se limite pas aux chiffres : elle repose sur l\u2019exp\u00e9rience, le r\u00e9seau et la pr\u00e9sence locale.<\/p>\t\t\t\t\t\t\t\t<\/div>\n\t\t\t\t<\/div>\n\t\t<div class=\"elementor-element elementor-element-fcedb77 e-con-full e-flex e-con e-child\" data-id=\"fcedb77\" data-element_type=\"container\" data-e-type=\"container\" data-settings=\"{&quot;background_background&quot;:&quot;classic&quot;}\">\n\t\t\t\t<\/div>\n\t\t\t\t<\/div>\n\t\t\t\t\t<\/div>\n\t\t\t\t<\/div>\n\t\t\t\t<\/div>\n\t\t<div class=\"elementor-element elementor-element-4880637 e-con-full e-flex e-con e-parent\" data-id=\"4880637\" data-element_type=\"container\" data-e-type=\"container\" data-settings=\"{&quot;background_background&quot;:&quot;classic&quot;}\">\n\t\t<div class=\"elementor-element elementor-element-7aca0c6 e-flex e-con-boxed e-con e-child\" data-id=\"7aca0c6\" data-element_type=\"container\" data-e-type=\"container\">\n\t\t\t\t\t<div class=\"e-con-inner\">\n\t\t<div class=\"elementor-element elementor-element-2088c78 e-con-full e-flex e-con e-child\" data-id=\"2088c78\" data-element_type=\"container\" data-e-type=\"container\">\n\t\t<div class=\"elementor-element elementor-element-40f7484 e-con-full e-flex e-con e-child\" data-id=\"40f7484\" data-element_type=\"container\" data-e-type=\"container\" data-settings=\"{&quot;background_background&quot;:&quot;classic&quot;}\">\n\t\t\t\t<\/div>\n\t\t<div class=\"elementor-element elementor-element-345dddd e-con-full e-flex e-con e-child\" data-id=\"345dddd\" data-element_type=\"container\" data-e-type=\"container\">\n\t\t\t\t<div class=\"elementor-element elementor-element-86cdcd0 elementor-widget elementor-widget-heading\" data-id=\"86cdcd0\" data-element_type=\"widget\" data-e-type=\"widget\" data-widget_type=\"heading.default\">\n\t\t\t\t\t<h2 class=\"elementor-heading-title elementor-size-default\">04<\/h2>\t\t\t\t<\/div>\n\t\t\t\t<div class=\"elementor-element elementor-element-dcd7e66 elementor-widget elementor-widget-heading\" data-id=\"dcd7e66\" data-element_type=\"widget\" data-e-type=\"widget\" data-widget_type=\"heading.default\">\n\t\t\t\t\t<h3 class=\"elementor-heading-title elementor-size-default\">Coordination fiscale &amp; patrimoniale<\/h3>\t\t\t\t<\/div>\n\t\t\t\t<div class=\"elementor-element elementor-element-1e223c4 list-color elementor-widget elementor-widget-text-editor\" data-id=\"1e223c4\" data-element_type=\"widget\" data-e-type=\"widget\" data-widget_type=\"text-editor.default\">\n\t\t\t\t\t\t\t\t\t<p>Un projet immobilier \u00e0 Chypre ne peut \u00eatre dissoci\u00e9 de son cadre fiscal, juridique et patrimonial.<\/p><p>ALORIS coordonne l\u2019ensemble des dimensions du projet :<\/p><ul><li>immobilier<\/li><li>fiscal<\/li><li>juridique<\/li><li>patrimonial<\/li><\/ul><p><br \/>Nous travaillons en lien avec des partenaires qualifi\u00e9s afin d\u2019assurer une vision d\u2019ensemble claire, coh\u00e9rente et conforme au cadre europ\u00e9en.<\/p><p>Cette coordination permet d\u2019\u00e9viter les incoh\u00e9rences, les d\u00e9cisions fragment\u00e9es et les choix dict\u00e9s par une seule dimension du projet.<\/p>\t\t\t\t\t\t\t\t<\/div>\n\t\t\t\t<\/div>\n\t\t\t\t<\/div>\n\t\t\t\t\t<\/div>\n\t\t\t\t<\/div>\n\t\t\t\t<\/div>\n\t\t<div class=\"elementor-element elementor-element-2a5b257 e-con-full e-flex e-con e-parent\" data-id=\"2a5b257\" data-element_type=\"container\" data-e-type=\"container\" data-settings=\"{&quot;background_background&quot;:&quot;classic&quot;}\">\n\t\t<div class=\"elementor-element elementor-element-f6ab950 e-flex e-con-boxed elementor-invisible e-con e-child\" data-id=\"f6ab950\" data-element_type=\"container\" data-e-type=\"container\" data-settings=\"{&quot;animation&quot;:&quot;slideInUp&quot;}\">\n\t\t\t\t\t<div class=\"e-con-inner\">\n\t\t<div class=\"elementor-element elementor-element-a0676aa e-con-full e-flex e-con e-child\" data-id=\"a0676aa\" data-element_type=\"container\" data-e-type=\"container\">\n\t\t\t\t<div class=\"elementor-element elementor-element-5dd6e19 elementor-widget elementor-widget-heading\" data-id=\"5dd6e19\" data-element_type=\"widget\" data-e-type=\"widget\" data-widget_type=\"heading.default\">\n\t\t\t\t\t<h2 class=\"elementor-heading-title elementor-size-default\">Discutons de votre projet<\/h2>\t\t\t\t<\/div>\n\t\t\t\t<div class=\"elementor-element elementor-element-e1db5b3 elementor-widget elementor-widget-text-editor\" data-id=\"e1db5b3\" data-element_type=\"widget\" data-e-type=\"widget\" data-widget_type=\"text-editor.default\">\n\t\t\t\t\t\t\t\t\t<p>Chaque situation \u00e9tant unique, ALORIS privil\u00e9gie un premier \u00e9change confidentiel afin d\u2019\u00e9valuer la pertinence de son accompagnement.<\/p><p>Contactez ALORIS pour une premi\u00e8re analyse personnalis\u00e9e de votre projet \u00e0 Chypre.<\/p>\t\t\t\t\t\t\t\t<\/div>\n\t\t\t\t<\/div>\n\t\t<div class=\"elementor-element elementor-element-3098d21 e-con-full e-flex e-con e-child\" data-id=\"3098d21\" data-element_type=\"container\" data-e-type=\"container\">\n\t\t<div class=\"elementor-element elementor-element-39d03db e-con-full e-flex e-con e-child\" data-id=\"39d03db\" data-element_type=\"container\" data-e-type=\"container\">\n\t\t\t\t<div class=\"elementor-element elementor-element-a22da53 elementor-widget elementor-widget-button\" data-id=\"a22da53\" data-element_type=\"widget\" data-e-type=\"widget\" data-widget_type=\"button.default\">\n\t\t\t\t\t\t\t\t\t\t<a class=\"elementor-button elementor-button-link elementor-size-sm\" href=\"https:\/\/aloris.cy\/en\/contact\/\">\n\t\t\t\t\t\t<span class=\"elementor-button-content-wrapper\">\n\t\t\t\t\t\t\t\t\t<span class=\"elementor-button-text\">Contactez-nous<\/span>\n\t\t\t\t\t<\/span>\n\t\t\t\t\t<\/a>\n\t\t\t\t\t\t\t\t<\/div>\n\t\t\t\t<\/div>\n\t\t\t\t<\/div>\n\t\t\t\t\t<\/div>\n\t\t\t\t<\/div>\n\t\t\t\t<\/div>\n\t\t\t\t<\/div>","protected":false},"excerpt":{"rendered":"<p>services Un accompagnement global pour investir, vivre et optimiser votre patrimoine \u00e0 Chypre Chez ALORIS, chaque projet est abord\u00e9 dans sa globalit\u00e9, en tenant compte des objectifs patrimoniaux, fiscaux, professionnels et personnels de nos clients. Notre accompagnement repose sur quatre piliers compl\u00e9mentaires, con\u00e7us pour s\u00e9curiser les d\u00e9cisions et structurer des projets durables \u00e0 Chypre. 01 [&hellip;]<\/p>\n","protected":false},"author":1,"featured_media":0,"parent":0,"menu_order":0,"comment_status":"closed","ping_status":"closed","template":"","meta":{"_acf_changed":false,"footnotes":""},"class_list":["post-566","page","type-page","status-publish","hentry"],"acf":[],"yoast_head":"<!-- This site is optimized with the Yoast SEO plugin v27.0 - https:\/\/yoast.com\/product\/yoast-seo-wordpress\/ -->\n<title>Services - Aloris<\/title>\n<meta name=\"robots\" content=\"index, follow, max-snippet:-1, max-image-preview:large, max-video-preview:-1\" \/>\n<link rel=\"canonical\" href=\"https:\/\/aloris.cy\/en\/services\/\" \/>\n<meta property=\"og:locale\" content=\"en_GB\" \/>\n<meta property=\"og:type\" content=\"article\" \/>\n<meta property=\"og:title\" content=\"Services - Aloris\" \/>\n<meta property=\"og:description\" content=\"services Un accompagnement global pour investir, vivre et optimiser votre patrimoine \u00e0 Chypre Chez ALORIS, chaque projet est abord\u00e9 dans sa globalit\u00e9, en tenant compte des objectifs patrimoniaux, fiscaux, professionnels et personnels de nos clients. Notre accompagnement repose sur quatre piliers compl\u00e9mentaires, con\u00e7us pour s\u00e9curiser les d\u00e9cisions et structurer des projets durables \u00e0 Chypre. 01 [&hellip;]\" \/>\n<meta property=\"og:url\" content=\"https:\/\/aloris.cy\/en\/services\/\" \/>\n<meta property=\"og:site_name\" content=\"Aloris\" \/>\n<meta property=\"article:modified_time\" content=\"2026-03-06T11:13:49+00:00\" \/>\n<meta name=\"twitter:card\" content=\"summary_large_image\" \/>\n<meta name=\"twitter:label1\" content=\"Estimated reading time\" \/>\n\t<meta name=\"twitter:data1\" content=\"3 minutes\" \/>\n<script type=\"application\/ld+json\" class=\"yoast-schema-graph\">{\"@context\":\"https:\/\/schema.org\",\"@graph\":[{\"@type\":\"WebPage\",\"@id\":\"https:\/\/aloris.cy\/en\/services\/\",\"url\":\"https:\/\/aloris.cy\/en\/services\/\",\"name\":\"Services - Aloris\",\"isPartOf\":{\"@id\":\"https:\/\/aloris.cy\/en\/#website\"},\"datePublished\":\"2026-02-03T11:59:41+00:00\",\"dateModified\":\"2026-03-06T11:13:49+00:00\",\"breadcrumb\":{\"@id\":\"https:\/\/aloris.cy\/en\/services\/#breadcrumb\"},\"inLanguage\":\"en-GB\",\"potentialAction\":[{\"@type\":\"ReadAction\",\"target\":[\"https:\/\/aloris.cy\/en\/services\/\"]}]},{\"@type\":\"BreadcrumbList\",\"@id\":\"https:\/\/aloris.cy\/en\/services\/#breadcrumb\",\"itemListElement\":[{\"@type\":\"ListItem\",\"position\":1,\"name\":\"Aloris\",\"item\":\"https:\/\/aloris.cy\/en\/\"},{\"@type\":\"ListItem\",\"position\":2,\"name\":\"Services\"}]},{\"@type\":\"WebSite\",\"@id\":\"https:\/\/aloris.cy\/en\/#website\",\"url\":\"https:\/\/aloris.cy\/en\/\",\"name\":\"Aloris\",\"description\":\"Investir et s\u2019installer \u00e0 Chypre en toute s\u00e9r\u00e9nit\u00e9.\",\"publisher\":{\"@id\":\"https:\/\/aloris.cy\/en\/#organization\"},\"alternateName\":\"Aloris\",\"potentialAction\":[{\"@type\":\"SearchAction\",\"target\":{\"@type\":\"EntryPoint\",\"urlTemplate\":\"https:\/\/aloris.cy\/en\/?s={search_term_string}\"},\"query-input\":{\"@type\":\"PropertyValueSpecification\",\"valueRequired\":true,\"valueName\":\"search_term_string\"}}],\"inLanguage\":\"en-GB\"},{\"@type\":\"Organization\",\"@id\":\"https:\/\/aloris.cy\/en\/#organization\",\"name\":\"Aloris\",\"url\":\"https:\/\/aloris.cy\/en\/\",\"logo\":{\"@type\":\"ImageObject\",\"inLanguage\":\"en-GB\",\"@id\":\"https:\/\/aloris.cy\/en\/#\/schema\/logo\/image\/\",\"url\":\"https:\/\/aloris.cy\/wp-content\/uploads\/2026\/01\/Logo_aloris_black-1.png\",\"contentUrl\":\"https:\/\/aloris.cy\/wp-content\/uploads\/2026\/01\/Logo_aloris_black-1.png\",\"width\":232,\"height\":134,\"caption\":\"Aloris\"},\"image\":{\"@id\":\"https:\/\/aloris.cy\/en\/#\/schema\/logo\/image\/\"}}]}<\/script>\n<!-- \/ Yoast SEO plugin. -->","yoast_head_json":{"title":"Services - Aloris","robots":{"index":"index","follow":"follow","max-snippet":"max-snippet:-1","max-image-preview":"max-image-preview:large","max-video-preview":"max-video-preview:-1"},"canonical":"https:\/\/aloris.cy\/en\/services\/","og_locale":"en_GB","og_type":"article","og_title":"Services - Aloris","og_description":"services Un accompagnement global pour investir, vivre et optimiser votre patrimoine \u00e0 Chypre Chez ALORIS, chaque projet est abord\u00e9 dans sa globalit\u00e9, en tenant compte des objectifs patrimoniaux, fiscaux, professionnels et personnels de nos clients. Notre accompagnement repose sur quatre piliers compl\u00e9mentaires, con\u00e7us pour s\u00e9curiser les d\u00e9cisions et structurer des projets durables \u00e0 Chypre. 01 [&hellip;]","og_url":"https:\/\/aloris.cy\/en\/services\/","og_site_name":"Aloris","article_modified_time":"2026-03-06T11:13:49+00:00","twitter_card":"summary_large_image","twitter_misc":{"Estimated reading time":"3 minutes"},"schema":{"@context":"https:\/\/schema.org","@graph":[{"@type":"WebPage","@id":"https:\/\/aloris.cy\/en\/services\/","url":"https:\/\/aloris.cy\/en\/services\/","name":"Services - Aloris","isPartOf":{"@id":"https:\/\/aloris.cy\/en\/#website"},"datePublished":"2026-02-03T11:59:41+00:00","dateModified":"2026-03-06T11:13:49+00:00","breadcrumb":{"@id":"https:\/\/aloris.cy\/en\/services\/#breadcrumb"},"inLanguage":"en-GB","potentialAction":[{"@type":"ReadAction","target":["https:\/\/aloris.cy\/en\/services\/"]}]},{"@type":"BreadcrumbList","@id":"https:\/\/aloris.cy\/en\/services\/#breadcrumb","itemListElement":[{"@type":"ListItem","position":1,"name":"Aloris","item":"https:\/\/aloris.cy\/en\/"},{"@type":"ListItem","position":2,"name":"Services"}]},{"@type":"WebSite","@id":"https:\/\/aloris.cy\/en\/#website","url":"https:\/\/aloris.cy\/en\/","name":"Aloris","description":"Investir et s\u2019installer \u00e0 Chypre en toute s\u00e9r\u00e9nit\u00e9.","publisher":{"@id":"https:\/\/aloris.cy\/en\/#organization"},"alternateName":"Aloris","potentialAction":[{"@type":"SearchAction","target":{"@type":"EntryPoint","urlTemplate":"https:\/\/aloris.cy\/en\/?s={search_term_string}"},"query-input":{"@type":"PropertyValueSpecification","valueRequired":true,"valueName":"search_term_string"}}],"inLanguage":"en-GB"},{"@type":"Organization","@id":"https:\/\/aloris.cy\/en\/#organization","name":"Aloris","url":"https:\/\/aloris.cy\/en\/","logo":{"@type":"ImageObject","inLanguage":"en-GB","@id":"https:\/\/aloris.cy\/en\/#\/schema\/logo\/image\/","url":"https:\/\/aloris.cy\/wp-content\/uploads\/2026\/01\/Logo_aloris_black-1.png","contentUrl":"https:\/\/aloris.cy\/wp-content\/uploads\/2026\/01\/Logo_aloris_black-1.png","width":232,"height":134,"caption":"Aloris"},"image":{"@id":"https:\/\/aloris.cy\/en\/#\/schema\/logo\/image\/"}}]}},"_links":{"self":[{"href":"https:\/\/aloris.cy\/en\/wp-json\/wp\/v2\/pages\/566","targetHints":{"allow":["GET"]}}],"collection":[{"href":"https:\/\/aloris.cy\/en\/wp-json\/wp\/v2\/pages"}],"about":[{"href":"https:\/\/aloris.cy\/en\/wp-json\/wp\/v2\/types\/page"}],"author":[{"embeddable":true,"href":"https:\/\/aloris.cy\/en\/wp-json\/wp\/v2\/users\/1"}],"replies":[{"embeddable":true,"href":"https:\/\/aloris.cy\/en\/wp-json\/wp\/v2\/comments?post=566"}],"version-history":[{"count":76,"href":"https:\/\/aloris.cy\/en\/wp-json\/wp\/v2\/pages\/566\/revisions"}],"predecessor-version":[{"id":2757,"href":"https:\/\/aloris.cy\/en\/wp-json\/wp\/v2\/pages\/566\/revisions\/2757"}],"wp:attachment":[{"href":"https:\/\/aloris.cy\/en\/wp-json\/wp\/v2\/media?parent=566"}],"curies":[{"name":"wp","href":"https:\/\/api.w.org\/{rel}","templated":true}]}}