{"id":2611,"date":"2026-02-17T21:48:11","date_gmt":"2026-02-17T21:48:11","guid":{"rendered":"https:\/\/aloris.cy\/?page_id=2611"},"modified":"2026-03-06T11:54:37","modified_gmt":"2026-03-06T11:54:37","slug":"mentions-legales","status":"publish","type":"page","link":"https:\/\/aloris.cy\/en\/mentions-legales\/","title":{"rendered":"Mentions l\u00e9gales"},"content":{"rendered":"<div data-elementor-type=\"wp-page\" data-elementor-id=\"2611\" class=\"elementor elementor-2611\" data-elementor-post-type=\"page\">\n\t\t\t\t<div class=\"elementor-element elementor-element-d79f14c e-flex e-con-boxed e-con e-parent\" data-id=\"d79f14c\" data-element_type=\"container\" data-e-type=\"container\" data-settings=\"{&quot;background_background&quot;:&quot;classic&quot;}\">\n\t\t\t\t\t<div class=\"e-con-inner\">\n\t\t\t\t<div class=\"elementor-element elementor-element-b5b9f74 elementor-widget elementor-widget-text-editor\" data-id=\"b5b9f74\" data-element_type=\"widget\" data-e-type=\"widget\" data-widget_type=\"text-editor.default\">\n\t\t\t\t\t\t\t\t\t<h2 data-start=\"284\" data-end=\"302\"><strong>Mentions l\u00e9gales<\/strong><\/h2><h3 data-start=\"304\" data-end=\"325\">1. \u00c9diteur du site<\/h3><p data-start=\"1277\" data-end=\"1299\"><strong data-start=\"1277\" data-end=\"1299\">1. \u00c9diteur du site<\/strong><\/p><p data-start=\"1301\" data-end=\"1347\">Le site internet <strong data-start=\"1318\" data-end=\"1331\">aloris.cy<\/strong> est \u00e9dit\u00e9 par :<\/p><p data-start=\"1349\" data-end=\"1450\">D\u00e9nomination sociale : Aloris Ltd<br data-start=\"1382\" data-end=\"1385\" \/>Num\u00e9ro d\u2019enregistrement : HE 473144<br data-start=\"1420\" data-end=\"1423\" \/>Num\u00e9ro de TVA : 60153845x<\/p><p data-start=\"1452\" data-end=\"1546\">Si\u00e8ge social :<br data-start=\"1466\" data-end=\"1469\" \/>Filippou Diogenous 34<br data-start=\"1490\" data-end=\"1493\" \/>Peyia Sunset Agridi Villas D4<br data-start=\"1522\" data-end=\"1525\" \/>8560 Peyia<br data-start=\"1535\" data-end=\"1538\" \/>Chypre<\/p><p data-start=\"1589\" data-end=\"1625\">Email de contact : <a class=\"decorated-link cursor-pointer\" rel=\"noopener\" data-start=\"1608\" data-end=\"1625\">contact@aloris.cy<\/a><\/p><h3 data-start=\"775\" data-end=\"792\">2. H\u00e9bergement<\/h3><p data-start=\"794\" data-end=\"819\">Le site est h\u00e9berg\u00e9 par :<\/p><p data-start=\"821\" data-end=\"990\"><strong data-start=\"821\" data-end=\"833\">OVHcloud<\/strong><br data-start=\"833\" data-end=\"836\" \/>SAS au capital de 10 174 560 \u20ac<br data-start=\"866\" data-end=\"869\" \/>RCS Lille M\u00e9tropole 424 761 419 00045<br data-start=\"906\" data-end=\"909\" \/>2 rue Kellermann<br data-start=\"925\" data-end=\"928\" \/>59100 Roubaix<br data-start=\"941\" data-end=\"944\" \/>France<br data-start=\"950\" data-end=\"953\" \/>Site web : <a class=\"decorated-link\" href=\"https:\/\/www.ovhcloud.com\" target=\"_new\" rel=\"noopener\" data-start=\"964\" data-end=\"988\">https:\/\/www.ovhcloud.com<\/a><\/p><h3 data-start=\"997\" data-end=\"1011\">3. Activit\u00e9<\/h3><p data-start=\"1013\" data-end=\"1156\">Le site aloris.cy pr\u00e9sente les services li\u00e9s \u00e0 l\u2019accompagnement, au conseil et aux opportunit\u00e9s d\u2019investissement et de relocalisation \u00e0 Chypre.<\/p><p data-start=\"1158\" data-end=\"1304\">Les informations fournies sur le site sont donn\u00e9es \u00e0 titre indicatif et ne constituent pas un conseil juridique, fiscal ou financier personnalis\u00e9.<\/p><h3 data-start=\"1311\" data-end=\"1341\">4. Propri\u00e9t\u00e9 intellectuelle<\/h3><p data-start=\"1343\" data-end=\"1510\">L\u2019ensemble du contenu du site (textes, images, graphismes, logo, \u00e9l\u00e9ments visuels, structure et code) est prot\u00e9g\u00e9 par les lois relatives \u00e0 la propri\u00e9t\u00e9 intellectuelle.<\/p><p data-start=\"1512\" data-end=\"1648\">Toute reproduction, repr\u00e9sentation, modification ou exploitation, totale ou partielle, sans autorisation pr\u00e9alable \u00e9crite est interdite.<\/p><h3 data-start=\"1655\" data-end=\"1689\">5. Limitation de responsabilit\u00e9<\/h3><p data-start=\"1691\" data-end=\"1928\">La soci\u00e9t\u00e9 s\u2019efforce de fournir des informations exactes et \u00e0 jour. Toutefois, elle ne saurait \u00eatre tenue responsable d\u2019\u00e9ventuelles erreurs, omissions ou r\u00e9sultats pouvant \u00eatre obtenus par un usage inappropri\u00e9 des informations diffus\u00e9es.<\/p><p data-start=\"1930\" data-end=\"2063\">Le site peut contenir des liens vers des sites tiers. La soci\u00e9t\u00e9 d\u00e9cline toute responsabilit\u00e9 quant au contenu de ces sites externes.<\/p><h3 data-start=\"2070\" data-end=\"2096\">6. Donn\u00e9es personnelles<\/h3><p data-start=\"2098\" data-end=\"2307\">Les donn\u00e9es personnelles collect\u00e9es via le site (formulaire de contact, outils statistiques) sont trait\u00e9es conform\u00e9ment au R\u00e8glement G\u00e9n\u00e9ral sur la Protection des Donn\u00e9es (RGPD) et \u00e0 la l\u00e9gislation applicable.<\/p><p data-start=\"2309\" data-end=\"2415\">L\u2019utilisateur dispose d\u2019un droit d\u2019acc\u00e8s, de rectification, d\u2019opposition et de suppression de ses donn\u00e9es.<\/p><p data-start=\"2417\" data-end=\"2467\">Pour exercer ces droits :<br data-start=\"2442\" data-end=\"2445\" \/><a class=\"decorated-link cursor-pointer\" rel=\"noopener\" data-start=\"2448\" data-end=\"2465\">contact@aloris.cy<\/a><\/p><p data-start=\"2469\" data-end=\"2550\">Les modalit\u00e9s compl\u00e8tes sont d\u00e9taill\u00e9es dans la <a href=\"https:\/\/aloris.cy\/en\/politique-de-confidentialite\/\"><strong data-start=\"2517\" data-end=\"2549\">Politique de confidentialit\u00e9<\/strong>.<\/a><\/p><h3 data-start=\"2557\" data-end=\"2570\">7. Cookies<\/h3><p data-start=\"2572\" data-end=\"2606\">Le site utilise des cookies afin :<\/p><ul data-start=\"2608\" data-end=\"2714\"><li data-start=\"2608\" data-end=\"2643\"><p data-start=\"2610\" data-end=\"2643\">d\u2019assurer son bon fonctionnement,<\/p><\/li><li data-start=\"2644\" data-end=\"2674\"><p data-start=\"2646\" data-end=\"2674\">d\u2019analyser la fr\u00e9quentation,<\/p><\/li><li data-start=\"2675\" data-end=\"2714\"><p data-start=\"2677\" data-end=\"2714\">d\u2019am\u00e9liorer l\u2019exp\u00e9rience utilisateur.<\/p><\/li><\/ul><p data-start=\"2716\" data-end=\"2789\">L\u2019utilisateur peut g\u00e9rer ses pr\u00e9f\u00e9rences via la banni\u00e8re de consentement.<\/p>\t\t\t\t\t\t\t\t<\/div>\n\t\t\t\t\t<\/div>\n\t\t\t\t<\/div>\n\t\t\t\t<\/div>","protected":false},"excerpt":{"rendered":"<p>Mentions l\u00e9gales 1. \u00c9diteur du site 1. \u00c9diteur du site Le site internet aloris.cy est \u00e9dit\u00e9 par : D\u00e9nomination sociale : Aloris LtdNum\u00e9ro d\u2019enregistrement : HE 473144Num\u00e9ro de TVA : 60153845x Si\u00e8ge social :Filippou Diogenous 34Peyia Sunset Agridi Villas D48560 PeyiaChypre Email de contact : contact@aloris.cy 2. H\u00e9bergement Le site est h\u00e9berg\u00e9 par : OVHcloudSAS [&hellip;]<\/p>\n","protected":false},"author":1,"featured_media":0,"parent":0,"menu_order":0,"comment_status":"closed","ping_status":"closed","template":"","meta":{"_acf_changed":false,"footnotes":""},"class_list":["post-2611","page","type-page","status-publish","hentry"],"acf":[],"yoast_head":"<!-- This site is optimized with the Yoast SEO plugin v27.0 - https:\/\/yoast.com\/product\/yoast-seo-wordpress\/ -->\n<title>Mentions l\u00e9gales - Aloris<\/title>\n<meta name=\"robots\" content=\"index, follow, max-snippet:-1, max-image-preview:large, max-video-preview:-1\" \/>\n<link rel=\"canonical\" href=\"https:\/\/aloris.cy\/en\/mentions-legales\/\" \/>\n<meta property=\"og:locale\" content=\"en_GB\" \/>\n<meta property=\"og:type\" content=\"article\" \/>\n<meta property=\"og:title\" content=\"Mentions l\u00e9gales - Aloris\" \/>\n<meta property=\"og:description\" content=\"Mentions l\u00e9gales 1. \u00c9diteur du site 1. \u00c9diteur du site Le site internet aloris.cy est \u00e9dit\u00e9 par : D\u00e9nomination sociale : Aloris LtdNum\u00e9ro d\u2019enregistrement : HE 473144Num\u00e9ro de TVA : 60153845x Si\u00e8ge social :Filippou Diogenous 34Peyia Sunset Agridi Villas D48560 PeyiaChypre Email de contact : contact@aloris.cy 2. H\u00e9bergement Le site est h\u00e9berg\u00e9 par : OVHcloudSAS [&hellip;]\" \/>\n<meta property=\"og:url\" content=\"https:\/\/aloris.cy\/en\/mentions-legales\/\" \/>\n<meta property=\"og:site_name\" content=\"Aloris\" \/>\n<meta property=\"article:modified_time\" content=\"2026-03-06T11:54:37+00:00\" \/>\n<meta name=\"twitter:card\" content=\"summary_large_image\" \/>\n<meta name=\"twitter:label1\" content=\"Estimated reading time\" \/>\n\t<meta name=\"twitter:data1\" content=\"2 minutes\" \/>\n<script type=\"application\/ld+json\" class=\"yoast-schema-graph\">{\"@context\":\"https:\/\/schema.org\",\"@graph\":[{\"@type\":\"WebPage\",\"@id\":\"https:\/\/aloris.cy\/en\/mentions-legales\/\",\"url\":\"https:\/\/aloris.cy\/en\/mentions-legales\/\",\"name\":\"Mentions l\u00e9gales - Aloris\",\"isPartOf\":{\"@id\":\"https:\/\/aloris.cy\/en\/#website\"},\"datePublished\":\"2026-02-17T21:48:11+00:00\",\"dateModified\":\"2026-03-06T11:54:37+00:00\",\"breadcrumb\":{\"@id\":\"https:\/\/aloris.cy\/en\/mentions-legales\/#breadcrumb\"},\"inLanguage\":\"en-GB\",\"potentialAction\":[{\"@type\":\"ReadAction\",\"target\":[\"https:\/\/aloris.cy\/en\/mentions-legales\/\"]}]},{\"@type\":\"BreadcrumbList\",\"@id\":\"https:\/\/aloris.cy\/en\/mentions-legales\/#breadcrumb\",\"itemListElement\":[{\"@type\":\"ListItem\",\"position\":1,\"name\":\"Aloris\",\"item\":\"https:\/\/aloris.cy\/en\/\"},{\"@type\":\"ListItem\",\"position\":2,\"name\":\"Mentions l\u00e9gales\"}]},{\"@type\":\"WebSite\",\"@id\":\"https:\/\/aloris.cy\/en\/#website\",\"url\":\"https:\/\/aloris.cy\/en\/\",\"name\":\"Aloris\",\"description\":\"Investir et s\u2019installer \u00e0 Chypre en toute s\u00e9r\u00e9nit\u00e9.\",\"publisher\":{\"@id\":\"https:\/\/aloris.cy\/en\/#organization\"},\"alternateName\":\"Aloris\",\"potentialAction\":[{\"@type\":\"SearchAction\",\"target\":{\"@type\":\"EntryPoint\",\"urlTemplate\":\"https:\/\/aloris.cy\/en\/?s={search_term_string}\"},\"query-input\":{\"@type\":\"PropertyValueSpecification\",\"valueRequired\":true,\"valueName\":\"search_term_string\"}}],\"inLanguage\":\"en-GB\"},{\"@type\":\"Organization\",\"@id\":\"https:\/\/aloris.cy\/en\/#organization\",\"name\":\"Aloris\",\"url\":\"https:\/\/aloris.cy\/en\/\",\"logo\":{\"@type\":\"ImageObject\",\"inLanguage\":\"en-GB\",\"@id\":\"https:\/\/aloris.cy\/en\/#\/schema\/logo\/image\/\",\"url\":\"https:\/\/aloris.cy\/wp-content\/uploads\/2026\/01\/Logo_aloris_black-1.png\",\"contentUrl\":\"https:\/\/aloris.cy\/wp-content\/uploads\/2026\/01\/Logo_aloris_black-1.png\",\"width\":232,\"height\":134,\"caption\":\"Aloris\"},\"image\":{\"@id\":\"https:\/\/aloris.cy\/en\/#\/schema\/logo\/image\/\"}}]}<\/script>\n<!-- \/ Yoast SEO plugin. -->","yoast_head_json":{"title":"Mentions l\u00e9gales - Aloris","robots":{"index":"index","follow":"follow","max-snippet":"max-snippet:-1","max-image-preview":"max-image-preview:large","max-video-preview":"max-video-preview:-1"},"canonical":"https:\/\/aloris.cy\/en\/mentions-legales\/","og_locale":"en_GB","og_type":"article","og_title":"Mentions l\u00e9gales - Aloris","og_description":"Mentions l\u00e9gales 1. \u00c9diteur du site 1. \u00c9diteur du site Le site internet aloris.cy est \u00e9dit\u00e9 par : D\u00e9nomination sociale : Aloris LtdNum\u00e9ro d\u2019enregistrement : HE 473144Num\u00e9ro de TVA : 60153845x Si\u00e8ge social :Filippou Diogenous 34Peyia Sunset Agridi Villas D48560 PeyiaChypre Email de contact : contact@aloris.cy 2. H\u00e9bergement Le site est h\u00e9berg\u00e9 par : OVHcloudSAS [&hellip;]","og_url":"https:\/\/aloris.cy\/en\/mentions-legales\/","og_site_name":"Aloris","article_modified_time":"2026-03-06T11:54:37+00:00","twitter_card":"summary_large_image","twitter_misc":{"Estimated reading time":"2 minutes"},"schema":{"@context":"https:\/\/schema.org","@graph":[{"@type":"WebPage","@id":"https:\/\/aloris.cy\/en\/mentions-legales\/","url":"https:\/\/aloris.cy\/en\/mentions-legales\/","name":"Mentions l\u00e9gales - Aloris","isPartOf":{"@id":"https:\/\/aloris.cy\/en\/#website"},"datePublished":"2026-02-17T21:48:11+00:00","dateModified":"2026-03-06T11:54:37+00:00","breadcrumb":{"@id":"https:\/\/aloris.cy\/en\/mentions-legales\/#breadcrumb"},"inLanguage":"en-GB","potentialAction":[{"@type":"ReadAction","target":["https:\/\/aloris.cy\/en\/mentions-legales\/"]}]},{"@type":"BreadcrumbList","@id":"https:\/\/aloris.cy\/en\/mentions-legales\/#breadcrumb","itemListElement":[{"@type":"ListItem","position":1,"name":"Aloris","item":"https:\/\/aloris.cy\/en\/"},{"@type":"ListItem","position":2,"name":"Mentions l\u00e9gales"}]},{"@type":"WebSite","@id":"https:\/\/aloris.cy\/en\/#website","url":"https:\/\/aloris.cy\/en\/","name":"Aloris","description":"Investir et s\u2019installer \u00e0 Chypre en toute s\u00e9r\u00e9nit\u00e9.","publisher":{"@id":"https:\/\/aloris.cy\/en\/#organization"},"alternateName":"Aloris","potentialAction":[{"@type":"SearchAction","target":{"@type":"EntryPoint","urlTemplate":"https:\/\/aloris.cy\/en\/?s={search_term_string}"},"query-input":{"@type":"PropertyValueSpecification","valueRequired":true,"valueName":"search_term_string"}}],"inLanguage":"en-GB"},{"@type":"Organization","@id":"https:\/\/aloris.cy\/en\/#organization","name":"Aloris","url":"https:\/\/aloris.cy\/en\/","logo":{"@type":"ImageObject","inLanguage":"en-GB","@id":"https:\/\/aloris.cy\/en\/#\/schema\/logo\/image\/","url":"https:\/\/aloris.cy\/wp-content\/uploads\/2026\/01\/Logo_aloris_black-1.png","contentUrl":"https:\/\/aloris.cy\/wp-content\/uploads\/2026\/01\/Logo_aloris_black-1.png","width":232,"height":134,"caption":"Aloris"},"image":{"@id":"https:\/\/aloris.cy\/en\/#\/schema\/logo\/image\/"}}]}},"_links":{"self":[{"href":"https:\/\/aloris.cy\/en\/wp-json\/wp\/v2\/pages\/2611","targetHints":{"allow":["GET"]}}],"collection":[{"href":"https:\/\/aloris.cy\/en\/wp-json\/wp\/v2\/pages"}],"about":[{"href":"https:\/\/aloris.cy\/en\/wp-json\/wp\/v2\/types\/page"}],"author":[{"embeddable":true,"href":"https:\/\/aloris.cy\/en\/wp-json\/wp\/v2\/users\/1"}],"replies":[{"embeddable":true,"href":"https:\/\/aloris.cy\/en\/wp-json\/wp\/v2\/comments?post=2611"}],"version-history":[{"count":10,"href":"https:\/\/aloris.cy\/en\/wp-json\/wp\/v2\/pages\/2611\/revisions"}],"predecessor-version":[{"id":2764,"href":"https:\/\/aloris.cy\/en\/wp-json\/wp\/v2\/pages\/2611\/revisions\/2764"}],"wp:attachment":[{"href":"https:\/\/aloris.cy\/en\/wp-json\/wp\/v2\/media?parent=2611"}],"curies":[{"name":"wp","href":"https:\/\/api.w.org\/{rel}","templated":true}]}}