{"id":1713,"date":"2026-02-07T15:33:06","date_gmt":"2026-02-07T15:33:06","guid":{"rendered":"https:\/\/aloris.cy\/?page_id=1713"},"modified":"2026-04-02T14:18:14","modified_gmt":"2026-04-02T14:18:14","slug":"contact","status":"publish","type":"page","link":"https:\/\/aloris.cy\/en\/contact\/","title":{"rendered":"Contact"},"content":{"rendered":"\t\t<div data-elementor-type=\"wp-page\" data-elementor-id=\"1713\" class=\"elementor elementor-1713\" data-elementor-post-type=\"page\">\n\t\t\t\t<div class=\"elementor-element elementor-element-a98cde2 e-con-full e-flex e-con e-parent\" data-id=\"a98cde2\" data-element_type=\"container\" data-e-type=\"container\" data-settings=\"{&quot;background_background&quot;:&quot;classic&quot;}\">\n\t\t<div class=\"elementor-element elementor-element-520585a e-flex e-con-boxed e-con e-child\" data-id=\"520585a\" data-element_type=\"container\" data-e-type=\"container\">\n\t\t\t\t\t<div class=\"e-con-inner\">\n\t\t<div class=\"elementor-element elementor-element-a3f0e3f e-flex e-con-boxed e-con e-child\" data-id=\"a3f0e3f\" data-element_type=\"container\" data-e-type=\"container\">\n\t\t\t\t\t<div class=\"e-con-inner\">\n\t\t<div class=\"elementor-element elementor-element-d1c9c28 e-con-full e-flex e-con e-child\" data-id=\"d1c9c28\" data-element_type=\"container\" data-e-type=\"container\">\n\t\t\t\t<div class=\"elementor-element elementor-element-eb0d3b2 elementor-widget elementor-widget-heading\" data-id=\"eb0d3b2\" data-element_type=\"widget\" data-e-type=\"widget\" data-widget_type=\"heading.default\">\n\t\t\t\t\t<h2 class=\"elementor-heading-title elementor-size-default\">Contact<\/h2>\t\t\t\t<\/div>\n\t\t\t\t<div class=\"elementor-element elementor-element-7b587e9 elementor-widget elementor-widget-text-editor\" data-id=\"7b587e9\" data-element_type=\"widget\" data-e-type=\"widget\" data-widget_type=\"text-editor.default\">\n\t\t\t\t\t\t\t\t\t<p data-start=\"855\" data-end=\"999\">Un projet immobilier commence toujours par une bonne compr\u00e9hension.<br data-start=\"922\" data-end=\"925\" \/>Chez <strong data-start=\"930\" data-end=\"940\">ALORIS<\/strong>, nous privil\u00e9gions l\u2019\u00e9change, la transparence et l\u2019\u00e9coute.<\/p><p data-start=\"1001\" data-end=\"1120\">Contactez-nous pour discuter de vos objectifs et explorer, ensemble, les solutions les plus adapt\u00e9es \u00e0 votre situation.<\/p>\t\t\t\t\t\t\t\t<\/div>\n\t\t\t\t<div class=\"elementor-element elementor-element-a826896 elementor-list-item-link-full_width elementor-widget elementor-widget-icon-list\" data-id=\"a826896\" data-element_type=\"widget\" data-e-type=\"widget\" data-widget_type=\"icon-list.default\">\n\t\t\t\t\t\t\t<ul class=\"elementor-icon-list-items\">\n\t\t\t\t\t\t\t<li class=\"elementor-icon-list-item\">\n\t\t\t\t\t\t\t\t\t\t\t<a href=\"mailto:contact@aloris.cy?subject=Prise%20de%20contact%20\u2013%20ALORIS&#038;body=Bonjour,Je%20souhaite%20\u00eatre%20contact\u00e9(e)%20par%20ALORIS%20\u00e0%20propos%20d\u2019un%20projet%20immobilier%20\u00e0%20Chypre.Cordialement,\">\n\n\t\t\t\t\t\t\t\t\t\t\t\t<span class=\"elementor-icon-list-icon\">\n\t\t\t\t\t\t\t<svg xmlns=\"http:\/\/www.w3.org\/2000\/svg\" width=\"24\" height=\"24\" viewBox=\"0 0 24 24\" fill=\"none\"><path d=\"M3.05273 5.74219V18.9463H20.9453V6.13867L20.1699 6.64844L12.2139 11.8867C12.1535 11.9184 12.1011 11.944 12.0557 11.9619C12.0525 11.9629 12.0357 11.9678 11.999 11.9678C11.9617 11.9678 11.9451 11.9628 11.9424 11.9619C11.8967 11.9439 11.8439 11.9186 11.7832 11.8867L4.05273 6.7959V6.39648L11.7256 11.4219L11.999 11.6016L12.2725 11.4229L20.6191 5.97266L21.6299 5.31152C21.6455 5.38933 21.6543 5.46973 21.6543 5.55371V18.4463C21.6543 18.7675 21.542 19.041 21.293 19.2891C21.0441 19.5371 20.7693 19.6494 20.4453 19.6494H3.55273C3.23102 19.6494 2.95784 19.5371 2.70996 19.2891L2.62305 19.1953C2.43538 18.9725 2.34961 18.7279 2.34961 18.4463V5.55371C2.34963 5.46519 2.35868 5.38047 2.37598 5.29883L3.05273 5.74219ZM3.55273 4.34473H20.4453C20.7687 4.34473 21.043 4.4579 21.292 4.70703H21.293C21.4026 4.81669 21.4842 4.93216 21.543 5.05371H2.45996C2.51864 4.93172 2.60041 4.81595 2.70996 4.70605H2.71094C2.95891 4.45718 3.23166 4.34476 3.55273 4.34473Z\" fill=\"black\" stroke=\"black\"><\/path><\/svg>\t\t\t\t\t\t<\/span>\n\t\t\t\t\t\t\t\t\t\t<span class=\"elementor-icon-list-text\">contact@aloris.cy<\/span>\n\t\t\t\t\t\t\t\t\t\t\t<\/a>\n\t\t\t\t\t\t\t\t\t<\/li>\n\t\t\t\t\t\t\t\t<li class=\"elementor-icon-list-item\">\n\t\t\t\t\t\t\t\t\t\t\t<span class=\"elementor-icon-list-icon\">\n\t\t\t\t\t\t\t<svg xmlns=\"http:\/\/www.w3.org\/2000\/svg\" width=\"24\" height=\"24\" viewBox=\"0 0 24 24\" fill=\"none\"><path d=\"M4.11816 3.34473H7.61816C7.8019 3.34474 7.92952 3.39945 8.03418 3.49805C8.12768 3.58614 8.20619 3.70059 8.26465 3.85156L8.31641 4.01465L8.98145 7.02832C9.01411 7.26011 9.00659 7.44511 8.97168 7.5918C8.94053 7.72276 8.87875 7.83104 8.7793 7.92578L8.77246 7.93164L6.25488 10.415L5.97559 10.6904L6.17578 11.0264C6.60252 11.7435 7.05599 12.416 7.53613 13.042C8.01895 13.6715 8.55514 14.2696 9.14355 14.8369C9.75693 15.4701 10.3981 16.0453 11.0674 16.5605C11.7425 17.0804 12.448 17.5353 13.1836 17.9248L13.5146 18.0996L13.7754 17.832L16.1807 15.3643L16.1904 15.3535C16.33 15.2021 16.4766 15.111 16.6328 15.0645C16.7638 15.0256 16.8936 15.012 17.0244 15.0215L17.1562 15.0391L19.9766 15.6631C20.1423 15.7092 20.2741 15.7806 20.3809 15.875L20.4805 15.9775C20.5973 16.1186 20.6543 16.2764 20.6543 16.4707V19.8809C20.6543 20.1178 20.5801 20.2895 20.4365 20.4316C20.2901 20.5766 20.1173 20.6494 19.8857 20.6494C18.0106 20.6494 16.0903 20.1991 14.1211 19.2842C12.153 18.3698 10.3221 17.0691 8.62891 15.376C7.04184 13.7889 5.79881 12.0798 4.89453 10.249L4.71777 9.88086C3.80074 7.90938 3.34961 5.99008 3.34961 4.11914C3.34962 3.94128 3.39088 3.79881 3.47266 3.67773L3.56836 3.56348C3.71241 3.41863 3.88416 3.34473 4.11816 3.34473ZM4.06543 4.5752C4.09636 5.28818 4.20838 6.0365 4.39844 6.81836C4.59001 7.60639 4.88972 8.47618 5.29395 9.4248L5.58301 10.1035L6.10645 9.58301L8.12598 7.5752L8.31934 7.38281L8.26172 7.11621L7.69336 4.44922L7.6084 4.05371H4.04297L4.06543 4.5752ZM19.9453 16.377L19.5469 16.2949L17.0615 15.7803L16.79 15.7246L16.5977 15.9248L14.6348 17.9824L14.1533 18.4863L14.7861 18.7812C15.481 19.1045 16.2344 19.3664 17.0439 19.5693C17.8547 19.7725 18.6468 19.8945 19.4199 19.9336L19.9453 19.96V16.377Z\" fill=\"black\" stroke=\"black\"><\/path><\/svg>\t\t\t\t\t\t<\/span>\n\t\t\t\t\t\t\t\t\t\t<span class=\"elementor-icon-list-text\">+357 96 946 306<\/span>\n\t\t\t\t\t\t\t\t\t<\/li>\n\t\t\t\t\t\t\t\t<li class=\"elementor-icon-list-item\">\n\t\t\t\t\t\t\t\t\t\t\t<span class=\"elementor-icon-list-icon\">\n\t\t\t\t\t\t\t<svg xmlns=\"http:\/\/www.w3.org\/2000\/svg\" width=\"24\" height=\"24\" viewBox=\"0 0 24 24\" fill=\"none\"><path d=\"M11.999 2.34473C14.0234 2.34473 15.802 3.04933 17.3545 4.47754C18.878 5.87913 19.6543 7.7626 19.6543 10.1826C19.6542 11.1679 19.4373 12.1526 18.9951 13.1406C18.5416 14.154 17.9725 15.1246 17.2871 16.0527C16.5957 16.9889 15.845 17.8627 15.0342 18.6738C14.2111 19.4974 13.4438 20.2259 12.7324 20.8594L12.7266 20.8643L12.7217 20.8691C12.6311 20.9548 12.5266 21.017 12.4043 21.0566C12.2578 21.1041 12.1206 21.126 11.9912 21.126C11.8619 21.126 11.7283 21.104 11.5889 21.0576C11.4732 21.0191 11.375 20.959 11.2891 20.875L11.2803 20.8662L11.2705 20.8584C10.5556 20.2252 9.78656 19.497 8.96387 18.6738C8.15312 17.8627 7.4023 16.9889 6.71094 16.0527C6.02568 15.1248 5.45726 14.1547 5.00586 13.1416C4.56549 12.1534 4.34967 11.1682 4.34961 10.1826C4.34961 7.76231 5.12573 5.8791 6.64746 4.47754C8.19779 3.04953 9.97475 2.34475 11.999 2.34473ZM11.999 3.05371C10.0638 3.05371 8.40896 3.72261 7.06738 5.05664C5.7178 6.39887 5.05273 8.12233 5.05273 10.1826C5.05284 11.6021 5.64665 13.1413 6.75098 14.7861C7.85583 16.4317 9.49651 18.2606 11.6582 20.2715L11.9951 20.585L12.335 20.2764C14.5478 18.2689 16.2053 16.4381 17.2881 14.7852C18.3669 13.138 18.9452 11.5989 18.9453 10.1826C18.9453 8.12228 18.2803 6.39888 16.9307 5.05664V5.05566C15.5888 3.72177 13.9342 3.05375 11.999 3.05371ZM11.9971 8.70215C12.3633 8.7022 12.661 8.82522 12.918 9.08105C13.1741 9.33617 13.2969 9.63248 13.2969 9.99805C13.2969 10.3642 13.1739 10.6605 12.9189 10.915C12.6641 11.1694 12.3674 11.292 12.001 11.292C11.634 11.2919 11.3382 11.169 11.084 10.916C10.8305 10.6634 10.7071 10.3691 10.707 10.0029C10.707 9.68146 10.8013 9.41279 10.9951 9.17871L11.084 9.08105C11.3369 8.82567 11.6315 8.70215 11.9971 8.70215Z\" fill=\"black\" stroke=\"black\"><\/path><\/svg>\t\t\t\t\t\t<\/span>\n\t\t\t\t\t\t\t\t\t\t<span class=\"elementor-icon-list-text\">Paphos, Chypre<\/span>\n\t\t\t\t\t\t\t\t\t<\/li>\n\t\t\t\t\t\t<\/ul>\n\t\t\t\t\t\t<\/div>\n\t\t\t\t<\/div>\n\t\t<div class=\"elementor-element elementor-element-1471511 e-con-full e-flex e-con e-child\" data-id=\"1471511\" data-element_type=\"container\" data-e-type=\"container\">\n\t\t\t\t<div class=\"elementor-element elementor-element-f3bd9ff elementor-button-align-start elementor-widget elementor-widget-form\" data-id=\"f3bd9ff\" data-element_type=\"widget\" data-e-type=\"widget\" data-settings=\"{&quot;step_next_label&quot;:&quot;Next&quot;,&quot;step_previous_label&quot;:&quot;Previous&quot;,&quot;step_type&quot;:&quot;number_text&quot;,&quot;step_icon_shape&quot;:&quot;circle&quot;}\" data-widget_type=\"form.default\">\n\t\t\t\t\t\t\t<form class=\"elementor-form\" method=\"post\" name=\"New Form\" aria-label=\"New Form\">\n\t\t\t<input type=\"hidden\" name=\"post_id\" value=\"1713\"\/>\n\t\t\t<input type=\"hidden\" name=\"form_id\" value=\"f3bd9ff\"\/>\n\t\t\t<input type=\"hidden\" name=\"referer_title\" value=\"Contact - Aloris\" \/>\n\n\t\t\t\t\t\t\t<input type=\"hidden\" name=\"queried_id\" value=\"1713\"\/>\n\t\t\t\n\t\t\t<div class=\"elementor-form-fields-wrapper elementor-labels-above\">\n\t\t\t\t\t\t\t\t<div class=\"elementor-field-type-text elementor-field-group elementor-column elementor-field-group-name elementor-col-100 elementor-field-required\">\n\t\t\t\t\t\t\t\t\t\t\t\t<label for=\"form-field-name\" class=\"elementor-field-label\">\n\t\t\t\t\t\t\t\tPr\u00e9nom\t\t\t\t\t\t\t<\/label>\n\t\t\t\t\t\t\t\t\t\t\t\t\t\t<input size=\"1\" type=\"text\" name=\"form_fields[name]\" id=\"form-field-name\" class=\"elementor-field elementor-size-md  elementor-field-textual\" required=\"required\">\n\t\t\t\t\t\t\t\t\t\t\t<\/div>\n\t\t\t\t\t\t\t\t<div class=\"elementor-field-type-text elementor-field-group elementor-column elementor-field-group-field_c5a56db elementor-col-100\">\n\t\t\t\t\t\t\t\t\t\t\t\t<label for=\"form-field-field_c5a56db\" class=\"elementor-field-label\">\n\t\t\t\t\t\t\t\tNom\t\t\t\t\t\t\t<\/label>\n\t\t\t\t\t\t\t\t\t\t\t\t\t\t<input size=\"1\" type=\"text\" name=\"form_fields[field_c5a56db]\" id=\"form-field-field_c5a56db\" class=\"elementor-field elementor-size-md  elementor-field-textual\">\n\t\t\t\t\t\t\t\t\t\t\t<\/div>\n\t\t\t\t\t\t\t\t<div class=\"elementor-field-type-email elementor-field-group elementor-column elementor-field-group-email elementor-col-100 elementor-field-required\">\n\t\t\t\t\t\t\t\t\t\t\t\t<label for=\"form-field-email\" class=\"elementor-field-label\">\n\t\t\t\t\t\t\t\tEmail\t\t\t\t\t\t\t<\/label>\n\t\t\t\t\t\t\t\t\t\t\t\t\t\t<input size=\"1\" type=\"email\" name=\"form_fields[email]\" id=\"form-field-email\" class=\"elementor-field elementor-size-md  elementor-field-textual\" required=\"required\">\n\t\t\t\t\t\t\t\t\t\t\t<\/div>\n\t\t\t\t\t\t\t\t<div class=\"elementor-field-type-textarea elementor-field-group elementor-column elementor-field-group-message elementor-col-100 elementor-field-required\">\n\t\t\t\t\t\t\t\t\t\t\t\t<label for=\"form-field-message\" class=\"elementor-field-label\">\n\t\t\t\t\t\t\t\tMessage\t\t\t\t\t\t\t<\/label>\n\t\t\t\t\t\t<textarea class=\"elementor-field-textual elementor-field  elementor-size-md\" name=\"form_fields[message]\" id=\"form-field-message\" rows=\"4\" required=\"required\"><\/textarea>\t\t\t\t<\/div>\n\t\t\t\t\t\t\t\t<div class=\"elementor-field-type-acceptance elementor-field-group elementor-column elementor-field-group-field_7b514ed elementor-col-100\">\n\t\t\t\t\t\t\t<div class=\"elementor-field-subgroup\">\n\t\t\t<span class=\"elementor-field-option\">\n\t\t\t\t<input type=\"checkbox\" name=\"form_fields[field_7b514ed]\" id=\"form-field-field_7b514ed\" class=\"elementor-field elementor-size-md  elementor-acceptance-field\">\n\t\t\t\t<label for=\"form-field-field_7b514ed\">J\u2019accepte que mes donn\u00e9es soient utilis\u00e9es pour \u00eatre recontact\u00e9(e) dans le cadre de ma demande.<\/label>\t\t\t<\/span>\n\t\t<\/div>\n\t\t\t\t\t\t<\/div>\n\t\t\t\t\t\t\t\t<div class=\"elementor-field-group elementor-column elementor-field-type-submit elementor-col-100 e-form__buttons\">\n\t\t\t\t\t<button class=\"elementor-button elementor-size-sm\" type=\"submit\">\n\t\t\t\t\t\t<span class=\"elementor-button-content-wrapper\">\n\t\t\t\t\t\t\t\t\t\t\t\t\t\t\t\t\t\t\t\t\t\t<span class=\"elementor-button-text\">Envoyer<\/span>\n\t\t\t\t\t\t\t\t\t\t\t\t\t<\/span>\n\t\t\t\t\t<\/button>\n\t\t\t\t<\/div>\n\t\t\t<\/div>\n\t\t<\/form>\n\t\t\t\t\t\t<\/div>\n\t\t\t\t<\/div>\n\t\t\t\t\t<\/div>\n\t\t\t\t<\/div>\n\t\t\t\t\t<\/div>\n\t\t\t\t<\/div>\n\t\t\t\t<\/div>\n\t\t\t\t<\/div>\n\t\t","protected":false},"excerpt":{"rendered":"<p>Contact Un projet immobilier commence toujours par une bonne compr\u00e9hension.Chez ALORIS, nous privil\u00e9gions l\u2019\u00e9change, la transparence et l\u2019\u00e9coute. Contactez-nous pour discuter de vos objectifs et explorer, ensemble, les solutions les plus adapt\u00e9es \u00e0 votre situation. contact@aloris.cy +357 96 946 306 Paphos, Chypre<\/p>","protected":false},"author":1,"featured_media":0,"parent":0,"menu_order":0,"comment_status":"closed","ping_status":"closed","template":"","meta":{"_acf_changed":false,"footnotes":""},"class_list":["post-1713","page","type-page","status-publish","hentry"],"acf":[],"yoast_head":"<!-- This site is optimized with the Yoast SEO plugin v27.0 - https:\/\/yoast.com\/product\/yoast-seo-wordpress\/ -->\n<title>Contact - Aloris<\/title>\n<meta name=\"robots\" content=\"index, follow, max-snippet:-1, max-image-preview:large, max-video-preview:-1\" \/>\n<link rel=\"canonical\" href=\"https:\/\/aloris.cy\/en\/contact\/\" \/>\n<meta property=\"og:locale\" content=\"en_GB\" \/>\n<meta property=\"og:type\" content=\"article\" \/>\n<meta property=\"og:title\" content=\"Contact - Aloris\" \/>\n<meta property=\"og:description\" content=\"Contact Un projet immobilier commence toujours par une bonne compr\u00e9hension.Chez ALORIS, nous privil\u00e9gions l\u2019\u00e9change, la transparence et l\u2019\u00e9coute. Contactez-nous pour discuter de vos objectifs et explorer, ensemble, les solutions les plus adapt\u00e9es \u00e0 votre situation. contact@aloris.cy +357 96 946 306 Paphos, Chypre\" \/>\n<meta property=\"og:url\" content=\"https:\/\/aloris.cy\/en\/contact\/\" \/>\n<meta property=\"og:site_name\" content=\"Aloris\" \/>\n<meta property=\"article:modified_time\" content=\"2026-04-02T14:18:14+00:00\" \/>\n<meta name=\"twitter:card\" content=\"summary_large_image\" \/>\n<meta name=\"twitter:label1\" content=\"Estimated reading time\" \/>\n\t<meta name=\"twitter:data1\" content=\"1 minute\" \/>\n<script type=\"application\/ld+json\" class=\"yoast-schema-graph\">{\"@context\":\"https:\/\/schema.org\",\"@graph\":[{\"@type\":\"WebPage\",\"@id\":\"https:\/\/aloris.cy\/en\/contact\/\",\"url\":\"https:\/\/aloris.cy\/en\/contact\/\",\"name\":\"Contact - Aloris\",\"isPartOf\":{\"@id\":\"https:\/\/aloris.cy\/en\/#website\"},\"datePublished\":\"2026-02-07T15:33:06+00:00\",\"dateModified\":\"2026-04-02T14:18:14+00:00\",\"breadcrumb\":{\"@id\":\"https:\/\/aloris.cy\/en\/contact\/#breadcrumb\"},\"inLanguage\":\"en-GB\",\"potentialAction\":[{\"@type\":\"ReadAction\",\"target\":[\"https:\/\/aloris.cy\/en\/contact\/\"]}]},{\"@type\":\"BreadcrumbList\",\"@id\":\"https:\/\/aloris.cy\/en\/contact\/#breadcrumb\",\"itemListElement\":[{\"@type\":\"ListItem\",\"position\":1,\"name\":\"Aloris\",\"item\":\"https:\/\/aloris.cy\/en\/\"},{\"@type\":\"ListItem\",\"position\":2,\"name\":\"Contact\"}]},{\"@type\":\"WebSite\",\"@id\":\"https:\/\/aloris.cy\/en\/#website\",\"url\":\"https:\/\/aloris.cy\/en\/\",\"name\":\"Aloris\",\"description\":\"Investir et s\u2019installer \u00e0 Chypre en toute s\u00e9r\u00e9nit\u00e9.\",\"publisher\":{\"@id\":\"https:\/\/aloris.cy\/en\/#organization\"},\"alternateName\":\"Aloris\",\"potentialAction\":[{\"@type\":\"SearchAction\",\"target\":{\"@type\":\"EntryPoint\",\"urlTemplate\":\"https:\/\/aloris.cy\/en\/?s={search_term_string}\"},\"query-input\":{\"@type\":\"PropertyValueSpecification\",\"valueRequired\":true,\"valueName\":\"search_term_string\"}}],\"inLanguage\":\"en-GB\"},{\"@type\":\"Organization\",\"@id\":\"https:\/\/aloris.cy\/en\/#organization\",\"name\":\"Aloris\",\"url\":\"https:\/\/aloris.cy\/en\/\",\"logo\":{\"@type\":\"ImageObject\",\"inLanguage\":\"en-GB\",\"@id\":\"https:\/\/aloris.cy\/en\/#\/schema\/logo\/image\/\",\"url\":\"https:\/\/aloris.cy\/wp-content\/uploads\/2026\/01\/Logo_aloris_black-1.png\",\"contentUrl\":\"https:\/\/aloris.cy\/wp-content\/uploads\/2026\/01\/Logo_aloris_black-1.png\",\"width\":232,\"height\":134,\"caption\":\"Aloris\"},\"image\":{\"@id\":\"https:\/\/aloris.cy\/en\/#\/schema\/logo\/image\/\"}}]}<\/script>\n<!-- \/ Yoast SEO plugin. -->","yoast_head_json":{"title":"Contact - Aloris","robots":{"index":"index","follow":"follow","max-snippet":"max-snippet:-1","max-image-preview":"max-image-preview:large","max-video-preview":"max-video-preview:-1"},"canonical":"https:\/\/aloris.cy\/en\/contact\/","og_locale":"en_GB","og_type":"article","og_title":"Contact - Aloris","og_description":"Contact Un projet immobilier commence toujours par une bonne compr\u00e9hension.Chez ALORIS, nous privil\u00e9gions l\u2019\u00e9change, la transparence et l\u2019\u00e9coute. Contactez-nous pour discuter de vos objectifs et explorer, ensemble, les solutions les plus adapt\u00e9es \u00e0 votre situation. contact@aloris.cy +357 96 946 306 Paphos, Chypre","og_url":"https:\/\/aloris.cy\/en\/contact\/","og_site_name":"Aloris","article_modified_time":"2026-04-02T14:18:14+00:00","twitter_card":"summary_large_image","twitter_misc":{"Estimated reading time":"1 minute"},"schema":{"@context":"https:\/\/schema.org","@graph":[{"@type":"WebPage","@id":"https:\/\/aloris.cy\/en\/contact\/","url":"https:\/\/aloris.cy\/en\/contact\/","name":"Contact - Aloris","isPartOf":{"@id":"https:\/\/aloris.cy\/en\/#website"},"datePublished":"2026-02-07T15:33:06+00:00","dateModified":"2026-04-02T14:18:14+00:00","breadcrumb":{"@id":"https:\/\/aloris.cy\/en\/contact\/#breadcrumb"},"inLanguage":"en-GB","potentialAction":[{"@type":"ReadAction","target":["https:\/\/aloris.cy\/en\/contact\/"]}]},{"@type":"BreadcrumbList","@id":"https:\/\/aloris.cy\/en\/contact\/#breadcrumb","itemListElement":[{"@type":"ListItem","position":1,"name":"Aloris","item":"https:\/\/aloris.cy\/en\/"},{"@type":"ListItem","position":2,"name":"Contact"}]},{"@type":"WebSite","@id":"https:\/\/aloris.cy\/en\/#website","url":"https:\/\/aloris.cy\/en\/","name":"Aloris","description":"Investir et s\u2019installer \u00e0 Chypre en toute s\u00e9r\u00e9nit\u00e9.","publisher":{"@id":"https:\/\/aloris.cy\/en\/#organization"},"alternateName":"Aloris","potentialAction":[{"@type":"SearchAction","target":{"@type":"EntryPoint","urlTemplate":"https:\/\/aloris.cy\/en\/?s={search_term_string}"},"query-input":{"@type":"PropertyValueSpecification","valueRequired":true,"valueName":"search_term_string"}}],"inLanguage":"en-GB"},{"@type":"Organization","@id":"https:\/\/aloris.cy\/en\/#organization","name":"Aloris","url":"https:\/\/aloris.cy\/en\/","logo":{"@type":"ImageObject","inLanguage":"en-GB","@id":"https:\/\/aloris.cy\/en\/#\/schema\/logo\/image\/","url":"https:\/\/aloris.cy\/wp-content\/uploads\/2026\/01\/Logo_aloris_black-1.png","contentUrl":"https:\/\/aloris.cy\/wp-content\/uploads\/2026\/01\/Logo_aloris_black-1.png","width":232,"height":134,"caption":"Aloris"},"image":{"@id":"https:\/\/aloris.cy\/en\/#\/schema\/logo\/image\/"}}]}},"_links":{"self":[{"href":"https:\/\/aloris.cy\/en\/wp-json\/wp\/v2\/pages\/1713","targetHints":{"allow":["GET"]}}],"collection":[{"href":"https:\/\/aloris.cy\/en\/wp-json\/wp\/v2\/pages"}],"about":[{"href":"https:\/\/aloris.cy\/en\/wp-json\/wp\/v2\/types\/page"}],"author":[{"embeddable":true,"href":"https:\/\/aloris.cy\/en\/wp-json\/wp\/v2\/users\/1"}],"replies":[{"embeddable":true,"href":"https:\/\/aloris.cy\/en\/wp-json\/wp\/v2\/comments?post=1713"}],"version-history":[{"count":70,"href":"https:\/\/aloris.cy\/en\/wp-json\/wp\/v2\/pages\/1713\/revisions"}],"predecessor-version":[{"id":2790,"href":"https:\/\/aloris.cy\/en\/wp-json\/wp\/v2\/pages\/1713\/revisions\/2790"}],"wp:attachment":[{"href":"https:\/\/aloris.cy\/en\/wp-json\/wp\/v2\/media?parent=1713"}],"curies":[{"name":"wp","href":"https:\/\/api.w.org\/{rel}","templated":true}]}}